{"id":2,"date":"2020-02-23T23:28:58","date_gmt":"2020-02-23T22:28:58","guid":{"rendered":"http:\/\/orange2sky.noblogs.org\/?page_id=2"},"modified":"2020-08-30T06:24:45","modified_gmt":"2020-08-30T04:24:45","slug":"pagina-di-esempio","status":"publish","type":"page","link":"https:\/\/orange2sky.noblogs.org\/?page_id=2","title":{"rendered":"Archivos en pdf"},"content":{"rendered":"\r\n<p>P\u00e1gina de enlaces de archivos en pdf<\/p>\r\n<p>Para ampliar nuestros conocimientos y compartir nuestros trabajos, colocar\u00e9 algunos enlaces donde podr\u00e1n encontrar archivos en pdf :<\/p>\r\n<p>Distribuidora Peligrosidad Social<\/p>\r\n<p>https:\/\/distribuidorapeligrosidadsocial.wordpress.com\/<\/p>\r\n<p>Fiereco Ediciones<\/p>\r\n<p>https:\/\/fierecoediciones.noblogs.org\/<\/p>\r\n<p>Boletin La Bomba<\/p>\r\n<p>https:\/\/vozcomoarma.noblogs.org\/?s=%22bolet%C3%ADn+La+Bomba%22<\/p>\r\n<p>Libros, art\u00edculos, escritos, etc<\/p>\r\n<p>https:\/\/anonimxslibertarixs.wordpress.com\/materiales\/<\/p>\r\n<p>Agroecolog\u00eda<\/p>\r\n<p>https:\/\/cloud.disroot.org\/s\/JAwt8jxPtzWAkEm?path=%2F<\/p>\r\n<p>Lecturas variadas<\/p>\r\n<p>https:\/\/nextcloud03.webo.hosting\/s\/ywCLtP7HrmLpkKM<\/p>\r\n<p>&nbsp;<\/p>\r\n<p>*Seguiremos buscando m\u00e1s enlaces que sus plataformas sean a su vez sean respetuosas con la privacidad, no colocaremos enlaces provenientes de gugle cloud o similares. En todo caso instamos a lxs ke est\u00e9n interesadxs en traspasar esos archivos a redes no propietarias, que como ver\u00e1n en esos 2 enlaces que provienen de las plataformas de disroot.org y de nextcloud.com<\/p>\r\n<p>Para registrarse en nextcloud y subir gratuitamente archivos en pdf y dem\u00e1s, tienen el siguiente enlace<\/p>\r\n<p>https:\/\/nextcloud03.webo.hosting\/s\/ywCLtP7HrmLpkKM<\/p>\r\n<p>Y para registrarse en disroot y hacer lo mismo, tienen el siguiente enlace y entren al casillero &#8220;Sign up for <strong>Disroot<\/strong>&#8220;<\/p>\r\n<p>https:\/\/disroot.org\/en\/services\/nextcloud<\/p>\r\n<p>&nbsp;<\/p>\r\n","protected":false},"excerpt":{"rendered":"<p>P\u00e1gina de enlaces de archivos en pdf Para ampliar nuestros conocimientos y compartir nuestros trabajos, colocar\u00e9 algunos enlaces donde podr\u00e1n encontrar archivos en pdf : Distribuidora Peligrosidad Social https:\/\/distribuidorapeligrosidadsocial.wordpress.com\/ Fiereco Ediciones https:\/\/fierecoediciones.noblogs.org\/ Boletin La Bomba https:\/\/vozcomoarma.noblogs.org\/?s=%22bolet%C3%ADn+La+Bomba%22 Libros, art\u00edculos, escritos, etc &hellip; <a href=\"https:\/\/orange2sky.noblogs.org\/?page_id=2\">Continue reading <span class=\"meta-nav\">&rarr;<\/span><\/a><\/p>\n","protected":false},"author":14806,"featured_media":0,"parent":0,"menu_order":0,"comment_status":"closed","ping_status":"open","template":"","meta":{"footnotes":""},"class_list":["post-2","page","type-page","status-publish","hentry"],"_links":{"self":[{"href":"https:\/\/orange2sky.noblogs.org\/index.php?rest_route=\/wp\/v2\/pages\/2","targetHints":{"allow":["GET"]}}],"collection":[{"href":"https:\/\/orange2sky.noblogs.org\/index.php?rest_route=\/wp\/v2\/pages"}],"about":[{"href":"https:\/\/orange2sky.noblogs.org\/index.php?rest_route=\/wp\/v2\/types\/page"}],"author":[{"embeddable":true,"href":"https:\/\/orange2sky.noblogs.org\/index.php?rest_route=\/wp\/v2\/users\/14806"}],"replies":[{"embeddable":true,"href":"https:\/\/orange2sky.noblogs.org\/index.php?rest_route=%2Fwp%2Fv2%2Fcomments&post=2"}],"version-history":[{"count":7,"href":"https:\/\/orange2sky.noblogs.org\/index.php?rest_route=\/wp\/v2\/pages\/2\/revisions"}],"predecessor-version":[{"id":444,"href":"https:\/\/orange2sky.noblogs.org\/index.php?rest_route=\/wp\/v2\/pages\/2\/revisions\/444"}],"wp:attachment":[{"href":"https:\/\/orange2sky.noblogs.org\/index.php?rest_route=%2Fwp%2Fv2%2Fmedia&parent=2"}],"curies":[{"name":"wp","href":"https:\/\/api.w.org\/{rel}","templated":true}]}}